{"id":4019,"date":"2022-12-11T19:57:53","date_gmt":"2022-12-12T01:57:53","guid":{"rendered":"https:\/\/upalagricola.com\/?page_id=4019"},"modified":"2023-06-29T10:46:35","modified_gmt":"2023-06-29T16:46:35","slug":"calidad","status":"publish","type":"page","link":"https:\/\/upalagricola.com\/en\/calidad\/","title":{"rendered":"Quality"},"content":{"rendered":"<div data-elementor-type=\"wp-page\" data-elementor-id=\"4019\" class=\"elementor elementor-4019\" data-elementor-post-type=\"page\">\n\t\t\t\t\t\t<section class=\"elementor-section elementor-top-section elementor-element elementor-element-250251af elementor-section-boxed elementor-section-height-default elementor-section-height-default\" data-id=\"250251af\" data-element_type=\"section\">\n\t\t\t\t\t\t<div class=\"elementor-container elementor-column-gap-wider\">\n\t\t\t\t\t<div class=\"elementor-column elementor-col-50 elementor-top-column elementor-element elementor-element-1350eae\" data-id=\"1350eae\" data-element_type=\"column\">\n\t\t\t<div class=\"elementor-widget-wrap elementor-element-populated\">\n\t\t\t\t\t\t<div class=\"elementor-element elementor-element-6908d14 elementor-widget elementor-widget-spacer\" data-id=\"6908d14\" data-element_type=\"widget\" data-widget_type=\"spacer.default\">\n\t\t\t\t<div class=\"elementor-widget-container\">\n\t\t\t\t\t<div class=\"elementor-spacer\">\n\t\t\t<div class=\"elementor-spacer-inner\"><\/div>\n\t\t<\/div>\n\t\t\t\t<\/div>\n\t\t\t\t<\/div>\n\t\t\t\t<div class=\"elementor-element elementor-element-7a14eb6 elementor-invisible elementor-widget elementor-widget-avas-image-animate\" data-id=\"7a14eb6\" data-element_type=\"widget\" data-settings=\"{&quot;motion_fx_motion_fx_mouse&quot;:&quot;yes&quot;,&quot;motion_fx_mouseTrack_effect&quot;:&quot;yes&quot;,&quot;motion_fx_mouseTrack_speed&quot;:{&quot;unit&quot;:&quot;px&quot;,&quot;size&quot;:0.40000000000000002220446049250313080847263336181640625,&quot;sizes&quot;:[]},&quot;_animation&quot;:&quot;slideInUp&quot;}\" data-widget_type=\"avas-image-animate.default\">\n\t\t\t\t<div class=\"elementor-widget-container\">\n\t\t\t\n    <div id=\"tx-ia-7a14eb6\" class=\"tx-image-animate-wrap\" >\n                    <img decoding=\"async\" src=\"https:\/\/upalagricola.com\/wp-content\/uploads\/2023\/06\/2.png\" alt=\"\">\n            <\/div><!-- tx-image-animate-wrap -->\n\n    <script>\n    jQuery(document).ready(function($){'use strict';\n       \n        function moveDown() {\n        $(\"#tx-ia-7a14eb6\").animate(\n            { \"left\": \"-=0\" }, \n            2500, \n            \"swing\", \n            moveUp\n            );\n        }\n        \n        function moveUp() {\n        $(\"#tx-ia-7a14eb6\").animate(\n            {\"left\": \"+=0\"}, \n            2500, \n            \"swing\", \n            moveDown\n            );\n        }\n    \n        moveUp();\n\n    });\n    <\/script>\n\n\n\t\t<\/div>\n\t\t\t\t<\/div>\n\t\t\t\t\t<\/div>\n\t\t<\/div>\n\t\t\t\t<div class=\"elementor-column elementor-col-50 elementor-top-column elementor-element elementor-element-68b8a279\" data-id=\"68b8a279\" data-element_type=\"column\">\n\t\t\t<div class=\"elementor-widget-wrap elementor-element-populated\">\n\t\t\t\t\t\t<div class=\"elementor-element elementor-element-dbb8a75 elementor-widget elementor-widget-spacer\" data-id=\"dbb8a75\" data-element_type=\"widget\" data-widget_type=\"spacer.default\">\n\t\t\t\t<div class=\"elementor-widget-container\">\n\t\t\t\t\t<div class=\"elementor-spacer\">\n\t\t\t<div class=\"elementor-spacer-inner\"><\/div>\n\t\t<\/div>\n\t\t\t\t<\/div>\n\t\t\t\t<\/div>\n\t\t\t\t<div class=\"elementor-element elementor-element-3a29936a tx-hd-align-center elementor-widget elementor-widget-avas-heading\" data-id=\"3a29936a\" data-element_type=\"widget\" data-widget_type=\"avas-heading.default\">\n\t\t\t\t<div class=\"elementor-widget-container\">\n\t\t\t        <div class=\"tx-hd-wrap\">\n\n            <div class=\"tx-hd-wm\"><\/div>\n\n            \n            <div class=\"tx-hd-sub\"><\/div>\n                        <h2 class=\"tx-hd-title\">\n                <span class=\"tx-hd-first-part\">Quality <\/span>\n                <span class=\"tx-hd-last-part\">Management<\/span>\n            <\/h2>    \n            \n            <div class=\"tx-hd-desc\"><h4 class=\"x_MsoNormal\">At Upala Agr\u00edcola, adhering to the highest quality parameters is a top priority. For this reason, we systematically manage the quality and food safety of our company\u2019s various processes.<\/h4><h4 class=\"x_MsoNormal\">Through standardized procedures, audits, inspections, and internal controls, we maintain processes that minimize quality issues\u2014including phytosanitary fruit reviews\u2014while maximizing the signature qualities that distinguish Upala Gold pineapples.<\/h4><h4>\u00a0<\/h4><\/div>\n\n\n                   \n        <\/div><!-- tx-hd-wrap -->\n\n\n\n\n\n\n\n\n\t\t<\/div>\n\t\t\t\t<\/div>\n\t\t\t\t\t<\/div>\n\t\t<\/div>\n\t\t\t\t\t<\/div>\n\t\t<\/section>\n\t\t\t\t<section class=\"elementor-section elementor-top-section elementor-element elementor-element-68a14288 elementor-section-stretched elementor-section-boxed elementor-section-height-default elementor-section-height-default\" data-id=\"68a14288\" data-element_type=\"section\" data-settings=\"{&quot;stretch_section&quot;:&quot;section-stretched&quot;,&quot;background_background&quot;:&quot;classic&quot;}\">\n\t\t\t\t\t\t<div class=\"elementor-container elementor-column-gap-narrow\">\n\t\t\t\t\t<div class=\"elementor-column elementor-col-100 elementor-top-column elementor-element elementor-element-1f74f313\" data-id=\"1f74f313\" data-element_type=\"column\">\n\t\t\t<div class=\"elementor-widget-wrap elementor-element-populated\">\n\t\t\t\t\t\t<div class=\"elementor-element elementor-element-2f5aa7a5 tx-hd-align-center elementor-widget elementor-widget-avas-heading\" data-id=\"2f5aa7a5\" data-element_type=\"widget\" data-widget_type=\"avas-heading.default\">\n\t\t\t\t<div class=\"elementor-widget-container\">\n\t\t\t        <div class=\"tx-hd-wrap\">\n\n            <div class=\"tx-hd-wm\"><\/div>\n\n            \n            <div class=\"tx-hd-sub\"><\/div>\n                        <h6 class=\"tx-hd-title\">\n                <span class=\"tx-hd-first-part\">Quality Methods and Processes<\/span>\n                <span class=\"tx-hd-last-part\"><\/span>\n            <\/h6>    \n            \n            <div class=\"tx-hd-desc\"><\/div>\n\n\n                   \n        <\/div><!-- tx-hd-wrap -->\n\n\n\n\n\n\n\n\n\t\t<\/div>\n\t\t\t\t<\/div>\n\t\t\t\t<div class=\"elementor-element elementor-element-ca149e1 elementor-widget elementor-widget-spacer\" data-id=\"ca149e1\" data-element_type=\"widget\" data-widget_type=\"spacer.default\">\n\t\t\t\t<div class=\"elementor-widget-container\">\n\t\t\t\t\t<div class=\"elementor-spacer\">\n\t\t\t<div class=\"elementor-spacer-inner\"><\/div>\n\t\t<\/div>\n\t\t\t\t<\/div>\n\t\t\t\t<\/div>\n\t\t\t\t<div class=\"elementor-element elementor-element-0bc4062 e-transform elementor-invisible elementor-widget elementor-widget-avas-features\" data-id=\"0bc4062\" data-element_type=\"widget\" data-settings=\"{&quot;_animation&quot;:&quot;fadeInUp&quot;,&quot;_transform_scale_effect_hover&quot;:{&quot;unit&quot;:&quot;px&quot;,&quot;size&quot;:1.020000000000000017763568394002504646778106689453125,&quot;sizes&quot;:[]},&quot;_transform_scale_effect_hover_tablet&quot;:{&quot;unit&quot;:&quot;px&quot;,&quot;size&quot;:&quot;&quot;,&quot;sizes&quot;:[]},&quot;_transform_scale_effect_hover_mobile&quot;:{&quot;unit&quot;:&quot;px&quot;,&quot;size&quot;:&quot;&quot;,&quot;sizes&quot;:[]}}\" data-widget_type=\"avas-features.default\">\n\t\t\t\t<div class=\"elementor-widget-container\">\n\t\t\t\n        \n                <div class=\"tx-ft-container tx-ft-tiled\">\n            \n                <div class=\"tx-ft-wrapper\">\n                    <div class=\"tx-ft-image-content\">\n                                                      <img decoding=\"async\" src=\"https:\/\/upalagricola.com\/wp-content\/uploads\/2022\/12\/P9A1417.jpg\" alt=\"Variables Analizadas\">\n                                            <\/div><!-- tx-ft-image-content -->\n                    <div class=\"tx-ft-text-content\">\n                        <div class=\"tx-ft-subtitle\"><\/div>\n                                                <h3 class=\"tx-ft-title\">Analyzed Variables<\/h3>\n                                                <div class=\"tx-ft-desc\"><h4>We study and select qualitative variables such as external color, internal condition, and crown health, as well as quantitative variables like Brix levels, acidity, and firmness. These can be adjusted according to the specific requirements and destinations of each client to ensure their expectations are met.<\/h4><\/div>\n                    <\/div><!-- tx-ft-text-content -->\n                <\/div><!-- tx-ft-wrapper -->\n\n            \n                <div class=\"tx-ft-wrapper\">\n                    <div class=\"tx-ft-image-content\">\n                                                      <img decoding=\"async\" src=\"https:\/\/upalagricola.com\/wp-content\/uploads\/2022\/12\/IMG_1280.jpg\" alt=\"Calidad por Fases de Producci\u00f3n\">\n                                            <\/div><!-- tx-ft-image-content -->\n                    <div class=\"tx-ft-text-content\">\n                        <div class=\"tx-ft-subtitle\"><\/div>\n                                                <h3 class=\"tx-ft-title\">Quality by Production Phase<\/h3>\n                                                <div class=\"tx-ft-desc\"><h4>Fruit inspections are performed at harvest. Once at the facility, the fruit is reviewed in the receiving area (Pre-packing Inspection) to determine the characteristics of the product to be packed. A final review is conducted in the Post-packing Inspection area to validate that the final product meets the client's exact specifications.<\/h4><\/div>\n                    <\/div><!-- tx-ft-text-content -->\n                <\/div><!-- tx-ft-wrapper -->\n\n            \n                <div class=\"tx-ft-wrapper\">\n                    <div class=\"tx-ft-image-content\">\n                                                      <img decoding=\"async\" src=\"https:\/\/upalagricola.com\/wp-content\/uploads\/2022\/12\/Higiene.jpg\" alt=\"Higiene e Inocuidad\">\n                                            <\/div><!-- tx-ft-image-content -->\n                    <div class=\"tx-ft-text-content\">\n                        <div class=\"tx-ft-subtitle\"><\/div>\n                                                <h3 class=\"tx-ft-title\">Hygiene and Food Safety<\/h3>\n                                                <div class=\"tx-ft-desc\"><h4>We conduct control inspections of surfaces and materials (chlorine, wax, and fungicides). Furthermore, we verify the cleaning and disinfection of our processes using microbiological methodologies, including surface and environmental swabs, to detect any potential growth of bacteria, fungi, or yeast.<\/h4><h4 class=\"x_MsoNormal\">We monitor integrated pest management systems at the agro-industrial level and perform verification and calibration of metrology equipment, among other prerequisite programs under the BRC Global Standard.<\/h4><\/div>\n                    <\/div><!-- tx-ft-text-content -->\n                <\/div><!-- tx-ft-wrapper -->\n\n            \n                <div class=\"tx-ft-wrapper\">\n                    <div class=\"tx-ft-image-content\">\n                                                      <img decoding=\"async\" src=\"https:\/\/upalagricola.com\/wp-content\/uploads\/2022\/12\/P9A1350.jpg\" alt=\"Investigaci\u00f3n en Calidad\">\n                                            <\/div><!-- tx-ft-image-content -->\n                    <div class=\"tx-ft-text-content\">\n                        <div class=\"tx-ft-subtitle\"><\/div>\n                                                <h3 class=\"tx-ft-title\">Quality Research<\/h3>\n                                                <div class=\"tx-ft-desc\"><h4 class=\"x_MsoNormal\">Additionally, we conduct post-harvest research in our Quality Control Laboratory as part of our continuous improvement efforts and our established corporate culture of quality.<\/h4><\/div>\n                    <\/div><!-- tx-ft-text-content -->\n                <\/div><!-- tx-ft-wrapper -->\n\n                    <\/div><!-- tx-ft-container -->\n        \n\n\t\t<\/div>\n\t\t\t\t<\/div>\n\t\t\t\t\t<\/div>\n\t\t<\/div>\n\t\t\t\t\t<\/div>\n\t\t<\/section>\n\t\t\t\t<section class=\"elementor-section elementor-top-section elementor-element elementor-element-42e8ff5 elementor-section-boxed elementor-section-height-default elementor-section-height-default\" data-id=\"42e8ff5\" data-element_type=\"section\">\n\t\t\t\t\t\t<div class=\"elementor-container elementor-column-gap-default\">\n\t\t\t\t\t<div class=\"elementor-column elementor-col-100 elementor-top-column elementor-element elementor-element-e14f75d\" data-id=\"e14f75d\" data-element_type=\"column\">\n\t\t\t<div class=\"elementor-widget-wrap elementor-element-populated\">\n\t\t\t\t\t\t<div class=\"elementor-element elementor-element-95c1e22 elementor-widget elementor-widget-spacer\" data-id=\"95c1e22\" data-element_type=\"widget\" data-widget_type=\"spacer.default\">\n\t\t\t\t<div class=\"elementor-widget-container\">\n\t\t\t\t\t<div class=\"elementor-spacer\">\n\t\t\t<div class=\"elementor-spacer-inner\"><\/div>\n\t\t<\/div>\n\t\t\t\t<\/div>\n\t\t\t\t<\/div>\n\t\t\t\t<div class=\"elementor-element elementor-element-8b2e16a elementor-widget elementor-widget-progress-tracker\" data-id=\"8b2e16a\" data-element_type=\"widget\" data-settings=\"{&quot;percentage&quot;:&quot;yes&quot;,&quot;sticky&quot;:&quot;bottom&quot;,&quot;type&quot;:&quot;horizontal&quot;,&quot;relative_to&quot;:&quot;entire_page&quot;,&quot;sticky_on&quot;:[&quot;desktop&quot;,&quot;tablet&quot;,&quot;mobile&quot;],&quot;sticky_offset&quot;:0,&quot;sticky_effects_offset&quot;:0}\" data-widget_type=\"progress-tracker.default\">\n\t\t\t\t<div class=\"elementor-widget-container\">\n\t\t\t\n\t\t<div class=\"elementor-scrolling-tracker elementor-scrolling-tracker-horizontal elementor-scrolling-tracker-alignment-\">\n\t\t\t\t\t\t<div class=\"current-progress\">\n\t\t\t\t\t<div class=\"current-progress-percentage\"><\/div>\n\t\t\t\t<\/div>\n\t\t\t\t<\/div>\n\t\t\t\t<\/div>\n\t\t\t\t<\/div>\n\t\t\t\t\t<\/div>\n\t\t<\/div>\n\t\t\t\t\t<\/div>\n\t\t<\/section>\n\t\t\t\t<\/div>","protected":false},"excerpt":{"rendered":"<p class=\"tx-excerpt\">Gesti\u00f3n de Calidad Para Upala Agr\u00edcola el cumplimiento de los mejores par\u00e1metros de calidad es una prioridad, por esta raz\u00f3n se gestiona sistem\u00e1ticamente la calidad e inocuidad de los diferentes procesos de la","protected":false},"author":1,"featured_media":0,"parent":0,"menu_order":0,"comment_status":"closed","ping_status":"closed","template":"","meta":{"cybocfi_hide_featured_image":"","footnotes":""},"class_list":["post-4019","page","type-page","status-publish","hentry"],"_links":{"self":[{"href":"https:\/\/upalagricola.com\/en\/wp-json\/wp\/v2\/pages\/4019"}],"collection":[{"href":"https:\/\/upalagricola.com\/en\/wp-json\/wp\/v2\/pages"}],"about":[{"href":"https:\/\/upalagricola.com\/en\/wp-json\/wp\/v2\/types\/page"}],"author":[{"embeddable":true,"href":"https:\/\/upalagricola.com\/en\/wp-json\/wp\/v2\/users\/1"}],"replies":[{"embeddable":true,"href":"https:\/\/upalagricola.com\/en\/wp-json\/wp\/v2\/comments?post=4019"}],"version-history":[{"count":0,"href":"https:\/\/upalagricola.com\/en\/wp-json\/wp\/v2\/pages\/4019\/revisions"}],"wp:attachment":[{"href":"https:\/\/upalagricola.com\/en\/wp-json\/wp\/v2\/media?parent=4019"}],"curies":[{"name":"wp","href":"https:\/\/api.w.org\/{rel}","templated":true}]}}